{"id":22,"date":"2018-05-26T13:08:54","date_gmt":"2018-05-26T11:08:54","guid":{"rendered":"http:\/\/pezroqcz.preview.infomaniak.website\/?page_id=22"},"modified":"2021-08-23T18:57:30","modified_gmt":"2021-08-23T16:57:30","slug":"association","status":"publish","type":"page","link":"https:\/\/bernbasketball.ch\/?page_id=22","title":{"rendered":"Vorstand &#8211; Comit\u00e9"},"content":{"rendered":"\n<table id=\"tablepress-1\" class=\"tablepress tablepress-id-1\">\n<tbody class=\"row-striping row-hover\">\n<tr class=\"row-1\">\n\t<td class=\"column-1\">David Mazzoni<br \/>\nPr\u00e9sident - Pr\u00e4sident \/ D\u00e9l\u00e9gu\u00e9 r\u00e9gional \u00e0 l'arbitrage - Schiedsrichterobmann<br \/>\n079 276 84 40<br \/>\n<a href=\"mailto:president@bernbasketball.ch\">president@bernbasketball.ch<\/a><\/td>\n<\/tr>\n<tr class=\"row-2\">\n\t<td class=\"column-1\">Urban M\u00fcller Freiburghaus<br \/>\nSecr\u00e9taire - Sektret\u00e4r \/ Vice pr\u00e9sident - Vize-Pr\u00e4sident<br \/>\n078 841 32 85<br \/>\n<a href=\"mailto:info@bernbasketball.ch\">info@bernbasketball.ch<\/a><\/td>\n<\/tr>\n<tr class=\"row-3\">\n\t<td class=\"column-1\">Vincenz Lauterburg<br \/>\nCaissier - Kassier<br \/>\n079 664 36 33<br \/>\n<a href=\"mailto:kasse@bernbasketball.ch\">kasse@bernbasketball.ch<\/a><\/td>\n<\/tr>\n<tr class=\"row-4\">\n\t<td class=\"column-1\"><i>Paolo Di Gloria<\/i><br \/>\nMinibasketball<br \/>\n<a href=\"mailto:mini@bernbasketball.ch\">mini@bernbasketball.ch<\/a><\/td>\n<\/tr>\n<tr class=\"row-5\">\n\t<td class=\"column-1\"><i>Recherch\u00e9 - Gesucht<\/i><br \/>\nResponsable technique - Technischer Leiter<br \/>\n<a href=\"mailto:technique@bernbasketball.ch\">technique@bernbasketball.ch<\/a><\/td>\n<\/tr>\n<tr class=\"row-6\">\n\t<td class=\"column-1\"><i>Recherch\u00e9 - Gesucht<\/i><br \/>\nMouvement jeunesse - Jugendbewegung<br \/>\n<a href=\"mailto:jugend@bernbasketball.ch\">jugend@bernbasketball.ch<\/a><\/td>\n<\/tr>\n<tr class=\"row-7\">\n\t<td class=\"column-1\">Dan Roth<br \/>\nWebmaster<br \/>\n079 656 33 33<br \/>\n<a href=\"mailto:webmaster@bernbasketball.ch\">webmaster@bernbasketball.ch<\/a><\/td>\n<\/tr>\n<\/tbody>\n<\/table>\n\n<p><a href=\"https:\/\/bernbasketball.ch\/?page_id=37\" rel=\"noopener noreferrer\">Organigramme<\/a><\/p>\n","protected":false},"excerpt":{"rendered":"<p>Organigramme<\/p>\n","protected":false},"author":1,"featured_media":0,"parent":37,"menu_order":0,"comment_status":"closed","ping_status":"closed","template":"template-fullwidth.php","meta":{"footnotes":""},"class_list":["post-22","page","type-page","status-publish","hentry"],"_links":{"self":[{"href":"https:\/\/bernbasketball.ch\/index.php?rest_route=\/wp\/v2\/pages\/22","targetHints":{"allow":["GET"]}}],"collection":[{"href":"https:\/\/bernbasketball.ch\/index.php?rest_route=\/wp\/v2\/pages"}],"about":[{"href":"https:\/\/bernbasketball.ch\/index.php?rest_route=\/wp\/v2\/types\/page"}],"author":[{"embeddable":true,"href":"https:\/\/bernbasketball.ch\/index.php?rest_route=\/wp\/v2\/users\/1"}],"replies":[{"embeddable":true,"href":"https:\/\/bernbasketball.ch\/index.php?rest_route=%2Fwp%2Fv2%2Fcomments&post=22"}],"version-history":[{"count":14,"href":"https:\/\/bernbasketball.ch\/index.php?rest_route=\/wp\/v2\/pages\/22\/revisions"}],"predecessor-version":[{"id":863,"href":"https:\/\/bernbasketball.ch\/index.php?rest_route=\/wp\/v2\/pages\/22\/revisions\/863"}],"up":[{"embeddable":true,"href":"https:\/\/bernbasketball.ch\/index.php?rest_route=\/wp\/v2\/pages\/37"}],"wp:attachment":[{"href":"https:\/\/bernbasketball.ch\/index.php?rest_route=%2Fwp%2Fv2%2Fmedia&parent=22"}],"curies":[{"name":"wp","href":"https:\/\/api.w.org\/{rel}","templated":true}]}}